







{"id":1517,"date":"2022-07-25T20:58:51","date_gmt":"2022-07-25T18:58:51","guid":{"rendered":"https:\/\/pogoda-podkarpackie.pl\/?page_id=1517"},"modified":"2026-04-25T03:02:24","modified_gmt":"2026-04-25T01:02:24","slug":"stacja-dukla","status":"publish","type":"page","link":"https:\/\/pogoda-podkarpackie.pl\/index.php\/stacja-dukla\/","title":{"rendered":"Dukla &#8211; Zesp\u00f3\u0142 Karpackich Park\u00f3w Krajobrazowych"},"content":{"rendered":"\n<hr class=\"wp-block-separator has-css-opacity is-style-wide\"\/>\n\n\n\n<div class=\"wp-block-columns is-layout-flex wp-container-core-columns-is-layout-1 wp-block-columns-is-layout-flex\">\n<div class=\"wp-block-column is-layout-flow wp-block-column-is-layout-flow\">\n<h5 class=\"wp-block-heading has-text-align-center\">Stacja meteorologiczna: EFWS2900<\/h5>\n\n\n\n<p class=\"has-text-align-center\"><mark style=\"background-color:rgba(0, 0, 0, 0)\" class=\"has-inline-color has-vivid-green-cyan-color\"><strong>(aktualizacja co 1 min)<\/strong><\/mark><\/p>\n\n\n\n<iframe loading=\"lazy\" width=\"380\" height=\"350\" src=\"https:\/\/www.openstreetmap.org\/export\/embed.html?bbox=21.45389556884766%2C49.48150916826499%2C21.917381286621094%2C49.63784316533949&amp;layer=mapnik&amp;marker=49.559738729009446%2C21.685638427734375\" style=\"border: 1px solid black\"><\/iframe><br\/><small><a href=\"https:\/\/www.openstreetmap.org\/?mlat=49.5597&amp;mlon=21.6856#map=12\/49.5597\/21.6856\">Wy\u015bwietl wi\u0119ksz\u0105 map\u0119<\/a><\/small>\n<\/div>\n\n\n\n<div class=\"wp-block-column is-layout-flow wp-block-column-is-layout-flow\"><div class=\"wp-block-image\">\n<figure class=\"aligncenter size-medium is-resized\"><img loading=\"lazy\" decoding=\"async\" width=\"225\" height=\"300\" src=\"https:\/\/pogoda-podkarpackie.pl\/wp-content\/uploads\/20425ff1-c992-4a74-ac6a-ef4a319c900f-1-225x300.jpg\" alt=\"\" class=\"wp-image-1773\" style=\"width:170px;height:auto\" srcset=\"https:\/\/pogoda-podkarpackie.pl\/wp-content\/uploads\/20425ff1-c992-4a74-ac6a-ef4a319c900f-1-225x300.jpg 225w, https:\/\/pogoda-podkarpackie.pl\/wp-content\/uploads\/20425ff1-c992-4a74-ac6a-ef4a319c900f-1-768x1024.jpg 768w, https:\/\/pogoda-podkarpackie.pl\/wp-content\/uploads\/20425ff1-c992-4a74-ac6a-ef4a319c900f-1-1152x1536.jpg 1152w, https:\/\/pogoda-podkarpackie.pl\/wp-content\/uploads\/20425ff1-c992-4a74-ac6a-ef4a319c900f-1.jpg 1500w\" sizes=\"(max-width: 225px) 100vw, 225px\" \/><\/figure><\/div><\/div>\n<\/div>\n\n\n\n<div class=\"wp-block-columns is-layout-flex wp-container-core-columns-is-layout-2 wp-block-columns-is-layout-flex\">\n<div class=\"wp-block-column is-layout-flow wp-block-column-is-layout-flow\">\n<iframe loading=\"lazy\" src=\"https:\/\/pogoda-podkarpackie.pl\/grafana\/d-solo\/-y2iFLl7kk\/stacja-dukla?orgId=1&#038;from=1776992433104&#038;to=1777078831104&#038;timezone=browser&#038;refresh=10s&#038;panelId=panel-34\" width=\"450\" height=\"200\" frameborder=\"0\"><\/iframe>\n<\/div>\n\n\n\n<div class=\"wp-block-column is-layout-flow wp-block-column-is-layout-flow\">\n<iframe loading=\"lazy\" src=\"https:\/\/pogoda-podkarpackie.pl\/grafana\/d-solo\/-y2iFLl7k\/stacja-dukla?orgId=1&amp;refresh=1m&amp;theme=light&amp;panelId=36\" width=\"200\" height=\"200\" frameborder=\"0\"><\/iframe>\n<\/div>\n\n\n\n<div class=\"wp-block-column is-layout-flow wp-block-column-is-layout-flow\">\n<iframe loading=\"lazy\" src=\"https:\/\/pogoda-podkarpackie.pl\/grafana\/d-solo\/-y2iFLl7k\/stacja-dukla?orgId=1&amp;refresh=1m&amp;theme=light&amp;panelId=38\" width=\"200\" height=\"200\" frameborder=\"0\"><\/iframe>\n<\/div>\n<\/div>\n\n\n\n<div class=\"wp-block-columns is-layout-flex wp-container-core-columns-is-layout-3 wp-block-columns-is-layout-flex\">\n<div class=\"wp-block-column is-layout-flow wp-block-column-is-layout-flow\">\n<iframe loading=\"lazy\" src=\"https:\/\/pogoda-podkarpackie.pl\/grafana\/d-solo\/-y2iFLl7k\/stacja-dukla?orgId=1&amp;refresh=1m&amp;theme=light&amp;panelId=40\" width=\"200\" height=\"200\" frameborder=\"0\"><\/iframe>\n<\/div>\n\n\n\n<div class=\"wp-block-column is-layout-flow wp-block-column-is-layout-flow\">\n<iframe loading=\"lazy\" src=\"https:\/\/pogoda-podkarpackie.pl\/grafana\/d-solo\/-y2iFLl7k\/stacja-dukla?orgId=1&amp;refresh=1m&amp;theme=light&amp;panelId=42\" width=\"200\" height=\"200\" frameborder=\"0\"><\/iframe>\n<\/div>\n\n\n\n<div class=\"wp-block-column is-layout-flow wp-block-column-is-layout-flow\">\n<iframe loading=\"lazy\" src=\"https:\/\/pogoda-podkarpackie.pl\/grafana\/d-solo\/-y2iFLl7k\/stacja-dukla?orgId=1&amp;refresh=1m&amp;theme=light&amp;panelId=44\" width=\"200\" height=\"200\" frameborder=\"0\"><\/iframe>\n<\/div>\n<\/div>\n\n\n\n<iframe loading=\"lazy\" src=\"https:\/\/pogoda-podkarpackie.pl\/grafana\/d-solo\/-y2iFLl7k\/stacja-dukla?orgId=1&amp;refresh=1m&amp;theme=light&amp;panelId=4\" width=\"660\" height=\"350\" frameborder=\"5\"><\/iframe>\n\n\n\n<iframe loading=\"lazy\" src=\"https:\/\/pogoda-podkarpackie.pl\/grafana\/d-solo\/-y2iFLl7k\/stacja-jedlicze?orgId=1&amp;theme=light&amp;refresh=1m&amp;panelId=8\" width=\"660\" height=\"350\" frameborder=\"5\"><\/iframe>\n\n\n\n<iframe loading=\"lazy\" src=\"https:\/\/pogoda-podkarpackie.pl\/grafana\/d-solo\/-y2iFLl7k\/stacja-jedlicze?orgId=1&amp;theme=light&amp;refresh=1m&amp;panelId=2\" width=\"660\" height=\"350\" frameborder=\"5\"><\/iframe>\n\n\n\n<iframe loading=\"lazy\" src=\"https:\/\/pogoda-podkarpackie.pl\/grafana\/d-solo\/-y2iFLl7k\/stacja-jedlicze?orgId=1&amp;theme=light&amp;refresh=1m&amp;panelId=6\" width=\"660\" height=\"350\" frameborder=\"5\"><\/iframe>\n\n\n\n<iframe loading=\"lazy\" src=\"https:\/\/pogoda-podkarpackie.pl\/grafana\/d-solo\/-y2iFLl7k\/stacja-jedlicze?orgId=1&amp;theme=light&amp;refresh=1m&amp;panelId=17\" width=\"660\" height=\"350\" frameborder=\"5\"><\/iframe>\n\n\n\n<p><\/p>\n\n\n\n<div class=\"wp-block-buttons is-layout-flex wp-block-buttons-is-layout-flex\">\n<div class=\"wp-block-button\"><a class=\"wp-block-button__link has-text-align-center wp-element-button\" href=\"https:\/\/pogoda-podkarpackie.pl\/grafana\/d\/-y2iFLl7k\/stacja-dukla?orgId=1&amp;refresh=10s\"><mark style=\"background-color:rgba(0, 0, 0, 0)\" class=\"has-inline-color has-white-color\">Sprawd\u017a dane archiwalne<\/mark><\/a><\/div>\n<\/div>\n","protected":false},"excerpt":{"rendered":"<p>Stacja meteorologiczna: EFWS2900 (aktualizacja co 1 min) Wy\u015bwietl wi\u0119ksz\u0105 map\u0119<\/p>\n","protected":false},"author":1,"featured_media":0,"parent":0,"menu_order":0,"comment_status":"closed","ping_status":"closed","template":"","meta":{"footnotes":""},"yoast_head":"<!-- This site is optimized with the Yoast SEO plugin v22.9 - https:\/\/yoast.com\/wordpress\/plugins\/seo\/ -->\n<title>Pogoda na Podkarpaciu, aktualne warunki pogodowe, prognozy pogody, warunki narciarskie, ostrze\u017cenia meteorologiczne, tylko sprawdzone informacje dla regionu Podkarpacia<\/title>\n<meta name=\"description\" content=\"Pogoda na Podkarpaciu, aktualne warunki pogodowe, prognozy pogody, warunki narciarskie, ostrze\u017cenia meteorologiczne, tylko sprawdzone informacje dla regionu Podkarpacia\" \/>\n<meta name=\"robots\" content=\"index, follow, max-snippet:-1, max-image-preview:large, max-video-preview:-1\" \/>\n<link rel=\"canonical\" href=\"https:\/\/pogoda-podkarpackie.pl\/index.php\/stacja-dukla\/\" \/>\n<meta property=\"og:locale\" content=\"pl_PL\" \/>\n<meta property=\"og:type\" content=\"article\" \/>\n<meta property=\"og:title\" content=\"Pogoda na Podkarpaciu, aktualne warunki pogodowe, prognozy pogody, warunki narciarskie, ostrze\u017cenia meteorologiczne, tylko sprawdzone informacje dla regionu Podkarpacia\" \/>\n<meta property=\"og:description\" content=\"Pogoda na Podkarpaciu, aktualne warunki pogodowe, prognozy pogody, warunki narciarskie, ostrze\u017cenia meteorologiczne, tylko sprawdzone informacje dla regionu Podkarpacia\" \/>\n<meta property=\"og:url\" content=\"https:\/\/pogoda-podkarpackie.pl\/index.php\/stacja-dukla\/\" \/>\n<meta property=\"article:modified_time\" content=\"2026-04-25T01:02:24+00:00\" \/>\n<meta property=\"og:image\" content=\"https:\/\/pogoda-podkarpackie.pl\/wp-content\/uploads\/20425ff1-c992-4a74-ac6a-ef4a319c900f-1-225x300.jpg\" \/>\n<meta name=\"twitter:card\" content=\"summary_large_image\" \/>\n<meta name=\"twitter:label1\" content=\"Szacowany czas czytania\" \/>\n\t<meta name=\"twitter:data1\" content=\"1 minuta\" \/>\n<script type=\"application\/ld+json\" class=\"yoast-schema-graph\">{\"@context\":\"https:\/\/schema.org\",\"@graph\":[{\"@type\":\"WebPage\",\"@id\":\"https:\/\/pogoda-podkarpackie.pl\/index.php\/stacja-dukla\/\",\"url\":\"https:\/\/pogoda-podkarpackie.pl\/index.php\/stacja-dukla\/\",\"name\":\"Pogoda na Podkarpaciu, aktualne warunki pogodowe, prognozy pogody, warunki narciarskie, ostrze\u017cenia meteorologiczne, tylko sprawdzone informacje dla regionu Podkarpacia\",\"isPartOf\":{\"@id\":\"https:\/\/pogoda-podkarpackie.pl\/#website\"},\"primaryImageOfPage\":{\"@id\":\"https:\/\/pogoda-podkarpackie.pl\/index.php\/stacja-dukla\/#primaryimage\"},\"image\":{\"@id\":\"https:\/\/pogoda-podkarpackie.pl\/index.php\/stacja-dukla\/#primaryimage\"},\"thumbnailUrl\":\"https:\/\/pogoda-podkarpackie.pl\/wp-content\/uploads\/20425ff1-c992-4a74-ac6a-ef4a319c900f-1-225x300.jpg\",\"datePublished\":\"2022-07-25T18:58:51+00:00\",\"dateModified\":\"2026-04-25T01:02:24+00:00\",\"description\":\"Pogoda na Podkarpaciu, aktualne warunki pogodowe, prognozy pogody, warunki narciarskie, ostrze\u017cenia meteorologiczne, tylko sprawdzone informacje dla regionu Podkarpacia\",\"breadcrumb\":{\"@id\":\"https:\/\/pogoda-podkarpackie.pl\/index.php\/stacja-dukla\/#breadcrumb\"},\"inLanguage\":\"pl-PL\",\"potentialAction\":[{\"@type\":\"ReadAction\",\"target\":[\"https:\/\/pogoda-podkarpackie.pl\/index.php\/stacja-dukla\/\"]}]},{\"@type\":\"ImageObject\",\"inLanguage\":\"pl-PL\",\"@id\":\"https:\/\/pogoda-podkarpackie.pl\/index.php\/stacja-dukla\/#primaryimage\",\"url\":\"https:\/\/pogoda-podkarpackie.pl\/wp-content\/uploads\/20425ff1-c992-4a74-ac6a-ef4a319c900f-1.jpg\",\"contentUrl\":\"https:\/\/pogoda-podkarpackie.pl\/wp-content\/uploads\/20425ff1-c992-4a74-ac6a-ef4a319c900f-1.jpg\",\"width\":1500,\"height\":2000},{\"@type\":\"BreadcrumbList\",\"@id\":\"https:\/\/pogoda-podkarpackie.pl\/index.php\/stacja-dukla\/#breadcrumb\",\"itemListElement\":[{\"@type\":\"ListItem\",\"position\":1,\"name\":\"Strona g\u0142\u00f3wna\",\"item\":\"https:\/\/pogoda-podkarpackie.pl\/\"},{\"@type\":\"ListItem\",\"position\":2,\"name\":\"Dukla &#8211; Zesp\u00f3\u0142 Karpackich Park\u00f3w Krajobrazowych\"}]},{\"@type\":\"WebSite\",\"@id\":\"https:\/\/pogoda-podkarpackie.pl\/#website\",\"url\":\"https:\/\/pogoda-podkarpackie.pl\/\",\"name\":\"\",\"description\":\"\",\"publisher\":{\"@id\":\"https:\/\/pogoda-podkarpackie.pl\/#\/schema\/person\/d00805131cfee9672bb133a1f5f07a8d\"},\"potentialAction\":[{\"@type\":\"SearchAction\",\"target\":{\"@type\":\"EntryPoint\",\"urlTemplate\":\"https:\/\/pogoda-podkarpackie.pl\/?s={search_term_string}\"},\"query-input\":\"required name=search_term_string\"}],\"inLanguage\":\"pl-PL\"},{\"@type\":[\"Person\",\"Organization\"],\"@id\":\"https:\/\/pogoda-podkarpackie.pl\/#\/schema\/person\/d00805131cfee9672bb133a1f5f07a8d\",\"name\":\"pogodapdk\",\"image\":{\"@type\":\"ImageObject\",\"inLanguage\":\"pl-PL\",\"@id\":\"https:\/\/pogoda-podkarpackie.pl\/#\/schema\/person\/image\/\",\"url\":\"https:\/\/secure.gravatar.com\/avatar\/6674b53f68107cc82213f877da11f179?s=96&d=mm&r=g\",\"contentUrl\":\"https:\/\/secure.gravatar.com\/avatar\/6674b53f68107cc82213f877da11f179?s=96&d=mm&r=g\",\"caption\":\"pogodapdk\"},\"logo\":{\"@id\":\"https:\/\/pogoda-podkarpackie.pl\/#\/schema\/person\/image\/\"},\"sameAs\":[\"https:\/\/pogoda-podkarpackie.pl\"]}]}<\/script>\n<!-- \/ Yoast SEO plugin. -->","yoast_head_json":{"title":"Pogoda na Podkarpaciu, aktualne warunki pogodowe, prognozy pogody, warunki narciarskie, ostrze\u017cenia meteorologiczne, tylko sprawdzone informacje dla regionu Podkarpacia","description":"Pogoda na Podkarpaciu, aktualne warunki pogodowe, prognozy pogody, warunki narciarskie, ostrze\u017cenia meteorologiczne, tylko sprawdzone informacje dla regionu Podkarpacia","robots":{"index":"index","follow":"follow","max-snippet":"max-snippet:-1","max-image-preview":"max-image-preview:large","max-video-preview":"max-video-preview:-1"},"canonical":"https:\/\/pogoda-podkarpackie.pl\/index.php\/stacja-dukla\/","og_locale":"pl_PL","og_type":"article","og_title":"Pogoda na Podkarpaciu, aktualne warunki pogodowe, prognozy pogody, warunki narciarskie, ostrze\u017cenia meteorologiczne, tylko sprawdzone informacje dla regionu Podkarpacia","og_description":"Pogoda na Podkarpaciu, aktualne warunki pogodowe, prognozy pogody, warunki narciarskie, ostrze\u017cenia meteorologiczne, tylko sprawdzone informacje dla regionu Podkarpacia","og_url":"https:\/\/pogoda-podkarpackie.pl\/index.php\/stacja-dukla\/","article_modified_time":"2026-04-25T01:02:24+00:00","og_image":[{"url":"https:\/\/pogoda-podkarpackie.pl\/wp-content\/uploads\/20425ff1-c992-4a74-ac6a-ef4a319c900f-1-225x300.jpg"}],"twitter_card":"summary_large_image","twitter_misc":{"Szacowany czas czytania":"1 minuta"},"schema":{"@context":"https:\/\/schema.org","@graph":[{"@type":"WebPage","@id":"https:\/\/pogoda-podkarpackie.pl\/index.php\/stacja-dukla\/","url":"https:\/\/pogoda-podkarpackie.pl\/index.php\/stacja-dukla\/","name":"Pogoda na Podkarpaciu, aktualne warunki pogodowe, prognozy pogody, warunki narciarskie, ostrze\u017cenia meteorologiczne, tylko sprawdzone informacje dla regionu Podkarpacia","isPartOf":{"@id":"https:\/\/pogoda-podkarpackie.pl\/#website"},"primaryImageOfPage":{"@id":"https:\/\/pogoda-podkarpackie.pl\/index.php\/stacja-dukla\/#primaryimage"},"image":{"@id":"https:\/\/pogoda-podkarpackie.pl\/index.php\/stacja-dukla\/#primaryimage"},"thumbnailUrl":"https:\/\/pogoda-podkarpackie.pl\/wp-content\/uploads\/20425ff1-c992-4a74-ac6a-ef4a319c900f-1-225x300.jpg","datePublished":"2022-07-25T18:58:51+00:00","dateModified":"2026-04-25T01:02:24+00:00","description":"Pogoda na Podkarpaciu, aktualne warunki pogodowe, prognozy pogody, warunki narciarskie, ostrze\u017cenia meteorologiczne, tylko sprawdzone informacje dla regionu Podkarpacia","breadcrumb":{"@id":"https:\/\/pogoda-podkarpackie.pl\/index.php\/stacja-dukla\/#breadcrumb"},"inLanguage":"pl-PL","potentialAction":[{"@type":"ReadAction","target":["https:\/\/pogoda-podkarpackie.pl\/index.php\/stacja-dukla\/"]}]},{"@type":"ImageObject","inLanguage":"pl-PL","@id":"https:\/\/pogoda-podkarpackie.pl\/index.php\/stacja-dukla\/#primaryimage","url":"https:\/\/pogoda-podkarpackie.pl\/wp-content\/uploads\/20425ff1-c992-4a74-ac6a-ef4a319c900f-1.jpg","contentUrl":"https:\/\/pogoda-podkarpackie.pl\/wp-content\/uploads\/20425ff1-c992-4a74-ac6a-ef4a319c900f-1.jpg","width":1500,"height":2000},{"@type":"BreadcrumbList","@id":"https:\/\/pogoda-podkarpackie.pl\/index.php\/stacja-dukla\/#breadcrumb","itemListElement":[{"@type":"ListItem","position":1,"name":"Strona g\u0142\u00f3wna","item":"https:\/\/pogoda-podkarpackie.pl\/"},{"@type":"ListItem","position":2,"name":"Dukla &#8211; Zesp\u00f3\u0142 Karpackich Park\u00f3w Krajobrazowych"}]},{"@type":"WebSite","@id":"https:\/\/pogoda-podkarpackie.pl\/#website","url":"https:\/\/pogoda-podkarpackie.pl\/","name":"","description":"","publisher":{"@id":"https:\/\/pogoda-podkarpackie.pl\/#\/schema\/person\/d00805131cfee9672bb133a1f5f07a8d"},"potentialAction":[{"@type":"SearchAction","target":{"@type":"EntryPoint","urlTemplate":"https:\/\/pogoda-podkarpackie.pl\/?s={search_term_string}"},"query-input":"required name=search_term_string"}],"inLanguage":"pl-PL"},{"@type":["Person","Organization"],"@id":"https:\/\/pogoda-podkarpackie.pl\/#\/schema\/person\/d00805131cfee9672bb133a1f5f07a8d","name":"pogodapdk","image":{"@type":"ImageObject","inLanguage":"pl-PL","@id":"https:\/\/pogoda-podkarpackie.pl\/#\/schema\/person\/image\/","url":"https:\/\/secure.gravatar.com\/avatar\/6674b53f68107cc82213f877da11f179?s=96&d=mm&r=g","contentUrl":"https:\/\/secure.gravatar.com\/avatar\/6674b53f68107cc82213f877da11f179?s=96&d=mm&r=g","caption":"pogodapdk"},"logo":{"@id":"https:\/\/pogoda-podkarpackie.pl\/#\/schema\/person\/image\/"},"sameAs":["https:\/\/pogoda-podkarpackie.pl"]}]}},"_links":{"self":[{"href":"https:\/\/pogoda-podkarpackie.pl\/index.php\/wp-json\/wp\/v2\/pages\/1517"}],"collection":[{"href":"https:\/\/pogoda-podkarpackie.pl\/index.php\/wp-json\/wp\/v2\/pages"}],"about":[{"href":"https:\/\/pogoda-podkarpackie.pl\/index.php\/wp-json\/wp\/v2\/types\/page"}],"author":[{"embeddable":true,"href":"https:\/\/pogoda-podkarpackie.pl\/index.php\/wp-json\/wp\/v2\/users\/1"}],"replies":[{"embeddable":true,"href":"https:\/\/pogoda-podkarpackie.pl\/index.php\/wp-json\/wp\/v2\/comments?post=1517"}],"version-history":[{"count":88,"href":"https:\/\/pogoda-podkarpackie.pl\/index.php\/wp-json\/wp\/v2\/pages\/1517\/revisions"}],"predecessor-version":[{"id":1908,"href":"https:\/\/pogoda-podkarpackie.pl\/index.php\/wp-json\/wp\/v2\/pages\/1517\/revisions\/1908"}],"wp:attachment":[{"href":"https:\/\/pogoda-podkarpackie.pl\/index.php\/wp-json\/wp\/v2\/media?parent=1517"}],"curies":[{"name":"wp","href":"https:\/\/api.w.org\/{rel}","templated":true}]}}