







{"id":108,"date":"2020-11-16T18:58:05","date_gmt":"2020-11-16T17:58:05","guid":{"rendered":"https:\/\/pogoda-podkarpackie.pl\/?page_id=108"},"modified":"2023-08-25T16:31:10","modified_gmt":"2023-08-25T14:31:10","slug":"kontakt","status":"publish","type":"page","link":"https:\/\/pogoda-podkarpackie.pl\/index.php\/kontakt\/","title":{"rendered":"Kontakt"},"content":{"rendered":"<div class=\"wp-block-image\">\n<figure class=\"aligncenter size-large is-resized\"><img loading=\"lazy\" decoding=\"async\" src=\"https:\/\/pogoda-podkarpackie.pl\/wp-content\/uploads\/gotowe.png\" alt=\"\" class=\"wp-image-1170\" width=\"250\" height=\"250\" srcset=\"https:\/\/pogoda-podkarpackie.pl\/wp-content\/uploads\/gotowe.png 500w, https:\/\/pogoda-podkarpackie.pl\/wp-content\/uploads\/gotowe-300x300.png 300w, https:\/\/pogoda-podkarpackie.pl\/wp-content\/uploads\/gotowe-150x150.png 150w\" sizes=\"(max-width: 250px) 100vw, 250px\" \/><\/figure><\/div>\n\n\n<p class=\"has-text-align-center has-medium-font-size\">Masz jakie\u015b pytania lub sugestie? A mo\u017ce chcia\u0142by\u015b zaproponowa\u0107 dodanie innej miejscowo\u015b\u0107 lub posiadasz w\u0142asn\u0105 stacj\u0119 meteorologiczn\u0105 i chcesz udost\u0119pnia\u0107 dane z niej na mojej stronie? Skontaktuj si\u0119 ze mn\u0105!<\/p>\n\n\n\n<div style=\"height:60px\" aria-hidden=\"true\" class=\"wp-block-spacer\"><\/div>\n\n\n\n<p class=\"has-text-align-center\" style=\"font-size:26px\"><strong>e-mail:<\/strong> <\/p>\n\n\n\n<p class=\"has-text-align-center has-vivid-red-color has-text-color\" style=\"font-size:26px\"><strong>slawko1616@gmail.com<\/strong><\/p>\n\n\n<div class=\"wp-block-image is-style-rounded\">\n<figure class=\"aligncenter size-large is-resized\"><img loading=\"lazy\" decoding=\"async\" src=\"https:\/\/pogoda-podkarpackie.pl\/wp-content\/uploads\/2020\/11\/mail-1454731_640.png\" alt=\"\" class=\"wp-image-745\" width=\"320\" height=\"320\" srcset=\"https:\/\/pogoda-podkarpackie.pl\/wp-content\/uploads\/2020\/11\/mail-1454731_640.png 640w, https:\/\/pogoda-podkarpackie.pl\/wp-content\/uploads\/2020\/11\/mail-1454731_640-300x300.png 300w, https:\/\/pogoda-podkarpackie.pl\/wp-content\/uploads\/2020\/11\/mail-1454731_640-150x150.png 150w, https:\/\/pogoda-podkarpackie.pl\/wp-content\/uploads\/2020\/11\/mail-1454731_640-144x144.png 144w\" sizes=\"(max-width: 320px) 100vw, 320px\" \/><\/figure><\/div>","protected":false},"excerpt":{"rendered":"<p>Masz jakie\u015b pytania lub sugestie? A mo\u017ce chcia\u0142by\u015b zaproponowa\u0107 dodanie innej miejscowo\u015b\u0107 lub posiadasz w\u0142asn\u0105 stacj\u0119 meteorologiczn\u0105 i chcesz udost\u0119pnia\u0107 dane z niej na mojej stronie? Skontaktuj si\u0119 ze mn\u0105!&hellip; <\/p>\n","protected":false},"author":1,"featured_media":0,"parent":0,"menu_order":0,"comment_status":"closed","ping_status":"closed","template":"","meta":{"footnotes":""},"yoast_head":"<!-- This site is optimized with the Yoast SEO plugin v22.9 - https:\/\/yoast.com\/wordpress\/plugins\/seo\/ -->\n<title>Kontakt- Pogoda Podkarpackie<\/title>\n<meta name=\"description\" content=\"Pogoda na Podkarpaciu, aktualne warunki pogodowe, prognozy pogody, warunki narciarskie, ostrze\u017cenia meteorologiczne, tylko sprawdzone informacje dla regionu Podkarpacia\" \/>\n<meta name=\"robots\" content=\"index, follow, max-snippet:-1, max-image-preview:large, max-video-preview:-1\" \/>\n<link rel=\"canonical\" href=\"https:\/\/pogoda-podkarpackie.pl\/index.php\/kontakt\/\" \/>\n<meta property=\"og:locale\" content=\"pl_PL\" \/>\n<meta property=\"og:type\" content=\"article\" \/>\n<meta property=\"og:title\" content=\"Kontakt- Pogoda Podkarpackie\" \/>\n<meta property=\"og:description\" content=\"Pogoda na Podkarpaciu, aktualne warunki pogodowe, prognozy pogody, warunki narciarskie, ostrze\u017cenia meteorologiczne, tylko sprawdzone informacje dla regionu Podkarpacia\" \/>\n<meta property=\"og:url\" content=\"https:\/\/pogoda-podkarpackie.pl\/index.php\/kontakt\/\" \/>\n<meta property=\"article:modified_time\" content=\"2023-08-25T14:31:10+00:00\" \/>\n<meta property=\"og:image\" content=\"https:\/\/pogoda-podkarpackie.pl\/wp-content\/uploads\/gotowe.png\" \/>\n<meta name=\"twitter:card\" content=\"summary_large_image\" \/>\n<meta name=\"twitter:label1\" content=\"Szacowany czas czytania\" \/>\n\t<meta name=\"twitter:data1\" content=\"1 minuta\" \/>\n<script type=\"application\/ld+json\" class=\"yoast-schema-graph\">{\"@context\":\"https:\/\/schema.org\",\"@graph\":[{\"@type\":\"WebPage\",\"@id\":\"https:\/\/pogoda-podkarpackie.pl\/index.php\/kontakt\/\",\"url\":\"https:\/\/pogoda-podkarpackie.pl\/index.php\/kontakt\/\",\"name\":\"Kontakt- Pogoda Podkarpackie\",\"isPartOf\":{\"@id\":\"https:\/\/pogoda-podkarpackie.pl\/#website\"},\"primaryImageOfPage\":{\"@id\":\"https:\/\/pogoda-podkarpackie.pl\/index.php\/kontakt\/#primaryimage\"},\"image\":{\"@id\":\"https:\/\/pogoda-podkarpackie.pl\/index.php\/kontakt\/#primaryimage\"},\"thumbnailUrl\":\"https:\/\/pogoda-podkarpackie.pl\/wp-content\/uploads\/gotowe.png\",\"datePublished\":\"2020-11-16T17:58:05+00:00\",\"dateModified\":\"2023-08-25T14:31:10+00:00\",\"description\":\"Pogoda na Podkarpaciu, aktualne warunki pogodowe, prognozy pogody, warunki narciarskie, ostrze\u017cenia meteorologiczne, tylko sprawdzone informacje dla regionu Podkarpacia\",\"breadcrumb\":{\"@id\":\"https:\/\/pogoda-podkarpackie.pl\/index.php\/kontakt\/#breadcrumb\"},\"inLanguage\":\"pl-PL\",\"potentialAction\":[{\"@type\":\"ReadAction\",\"target\":[\"https:\/\/pogoda-podkarpackie.pl\/index.php\/kontakt\/\"]}]},{\"@type\":\"ImageObject\",\"inLanguage\":\"pl-PL\",\"@id\":\"https:\/\/pogoda-podkarpackie.pl\/index.php\/kontakt\/#primaryimage\",\"url\":\"https:\/\/pogoda-podkarpackie.pl\/wp-content\/uploads\/gotowe.png\",\"contentUrl\":\"https:\/\/pogoda-podkarpackie.pl\/wp-content\/uploads\/gotowe.png\",\"width\":500,\"height\":500},{\"@type\":\"BreadcrumbList\",\"@id\":\"https:\/\/pogoda-podkarpackie.pl\/index.php\/kontakt\/#breadcrumb\",\"itemListElement\":[{\"@type\":\"ListItem\",\"position\":1,\"name\":\"Strona g\u0142\u00f3wna\",\"item\":\"https:\/\/pogoda-podkarpackie.pl\/\"},{\"@type\":\"ListItem\",\"position\":2,\"name\":\"Kontakt\"}]},{\"@type\":\"WebSite\",\"@id\":\"https:\/\/pogoda-podkarpackie.pl\/#website\",\"url\":\"https:\/\/pogoda-podkarpackie.pl\/\",\"name\":\"\",\"description\":\"\",\"publisher\":{\"@id\":\"https:\/\/pogoda-podkarpackie.pl\/#\/schema\/person\/d00805131cfee9672bb133a1f5f07a8d\"},\"potentialAction\":[{\"@type\":\"SearchAction\",\"target\":{\"@type\":\"EntryPoint\",\"urlTemplate\":\"https:\/\/pogoda-podkarpackie.pl\/?s={search_term_string}\"},\"query-input\":\"required name=search_term_string\"}],\"inLanguage\":\"pl-PL\"},{\"@type\":[\"Person\",\"Organization\"],\"@id\":\"https:\/\/pogoda-podkarpackie.pl\/#\/schema\/person\/d00805131cfee9672bb133a1f5f07a8d\",\"name\":\"pogodapdk\",\"image\":{\"@type\":\"ImageObject\",\"inLanguage\":\"pl-PL\",\"@id\":\"https:\/\/pogoda-podkarpackie.pl\/#\/schema\/person\/image\/\",\"url\":\"https:\/\/secure.gravatar.com\/avatar\/6674b53f68107cc82213f877da11f179?s=96&d=mm&r=g\",\"contentUrl\":\"https:\/\/secure.gravatar.com\/avatar\/6674b53f68107cc82213f877da11f179?s=96&d=mm&r=g\",\"caption\":\"pogodapdk\"},\"logo\":{\"@id\":\"https:\/\/pogoda-podkarpackie.pl\/#\/schema\/person\/image\/\"},\"sameAs\":[\"https:\/\/pogoda-podkarpackie.pl\"]}]}<\/script>\n<!-- \/ Yoast SEO plugin. -->","yoast_head_json":{"title":"Kontakt- Pogoda Podkarpackie","description":"Pogoda na Podkarpaciu, aktualne warunki pogodowe, prognozy pogody, warunki narciarskie, ostrze\u017cenia meteorologiczne, tylko sprawdzone informacje dla regionu Podkarpacia","robots":{"index":"index","follow":"follow","max-snippet":"max-snippet:-1","max-image-preview":"max-image-preview:large","max-video-preview":"max-video-preview:-1"},"canonical":"https:\/\/pogoda-podkarpackie.pl\/index.php\/kontakt\/","og_locale":"pl_PL","og_type":"article","og_title":"Kontakt- Pogoda Podkarpackie","og_description":"Pogoda na Podkarpaciu, aktualne warunki pogodowe, prognozy pogody, warunki narciarskie, ostrze\u017cenia meteorologiczne, tylko sprawdzone informacje dla regionu Podkarpacia","og_url":"https:\/\/pogoda-podkarpackie.pl\/index.php\/kontakt\/","article_modified_time":"2023-08-25T14:31:10+00:00","og_image":[{"url":"https:\/\/pogoda-podkarpackie.pl\/wp-content\/uploads\/gotowe.png"}],"twitter_card":"summary_large_image","twitter_misc":{"Szacowany czas czytania":"1 minuta"},"schema":{"@context":"https:\/\/schema.org","@graph":[{"@type":"WebPage","@id":"https:\/\/pogoda-podkarpackie.pl\/index.php\/kontakt\/","url":"https:\/\/pogoda-podkarpackie.pl\/index.php\/kontakt\/","name":"Kontakt- Pogoda Podkarpackie","isPartOf":{"@id":"https:\/\/pogoda-podkarpackie.pl\/#website"},"primaryImageOfPage":{"@id":"https:\/\/pogoda-podkarpackie.pl\/index.php\/kontakt\/#primaryimage"},"image":{"@id":"https:\/\/pogoda-podkarpackie.pl\/index.php\/kontakt\/#primaryimage"},"thumbnailUrl":"https:\/\/pogoda-podkarpackie.pl\/wp-content\/uploads\/gotowe.png","datePublished":"2020-11-16T17:58:05+00:00","dateModified":"2023-08-25T14:31:10+00:00","description":"Pogoda na Podkarpaciu, aktualne warunki pogodowe, prognozy pogody, warunki narciarskie, ostrze\u017cenia meteorologiczne, tylko sprawdzone informacje dla regionu Podkarpacia","breadcrumb":{"@id":"https:\/\/pogoda-podkarpackie.pl\/index.php\/kontakt\/#breadcrumb"},"inLanguage":"pl-PL","potentialAction":[{"@type":"ReadAction","target":["https:\/\/pogoda-podkarpackie.pl\/index.php\/kontakt\/"]}]},{"@type":"ImageObject","inLanguage":"pl-PL","@id":"https:\/\/pogoda-podkarpackie.pl\/index.php\/kontakt\/#primaryimage","url":"https:\/\/pogoda-podkarpackie.pl\/wp-content\/uploads\/gotowe.png","contentUrl":"https:\/\/pogoda-podkarpackie.pl\/wp-content\/uploads\/gotowe.png","width":500,"height":500},{"@type":"BreadcrumbList","@id":"https:\/\/pogoda-podkarpackie.pl\/index.php\/kontakt\/#breadcrumb","itemListElement":[{"@type":"ListItem","position":1,"name":"Strona g\u0142\u00f3wna","item":"https:\/\/pogoda-podkarpackie.pl\/"},{"@type":"ListItem","position":2,"name":"Kontakt"}]},{"@type":"WebSite","@id":"https:\/\/pogoda-podkarpackie.pl\/#website","url":"https:\/\/pogoda-podkarpackie.pl\/","name":"","description":"","publisher":{"@id":"https:\/\/pogoda-podkarpackie.pl\/#\/schema\/person\/d00805131cfee9672bb133a1f5f07a8d"},"potentialAction":[{"@type":"SearchAction","target":{"@type":"EntryPoint","urlTemplate":"https:\/\/pogoda-podkarpackie.pl\/?s={search_term_string}"},"query-input":"required name=search_term_string"}],"inLanguage":"pl-PL"},{"@type":["Person","Organization"],"@id":"https:\/\/pogoda-podkarpackie.pl\/#\/schema\/person\/d00805131cfee9672bb133a1f5f07a8d","name":"pogodapdk","image":{"@type":"ImageObject","inLanguage":"pl-PL","@id":"https:\/\/pogoda-podkarpackie.pl\/#\/schema\/person\/image\/","url":"https:\/\/secure.gravatar.com\/avatar\/6674b53f68107cc82213f877da11f179?s=96&d=mm&r=g","contentUrl":"https:\/\/secure.gravatar.com\/avatar\/6674b53f68107cc82213f877da11f179?s=96&d=mm&r=g","caption":"pogodapdk"},"logo":{"@id":"https:\/\/pogoda-podkarpackie.pl\/#\/schema\/person\/image\/"},"sameAs":["https:\/\/pogoda-podkarpackie.pl"]}]}},"_links":{"self":[{"href":"https:\/\/pogoda-podkarpackie.pl\/index.php\/wp-json\/wp\/v2\/pages\/108"}],"collection":[{"href":"https:\/\/pogoda-podkarpackie.pl\/index.php\/wp-json\/wp\/v2\/pages"}],"about":[{"href":"https:\/\/pogoda-podkarpackie.pl\/index.php\/wp-json\/wp\/v2\/types\/page"}],"author":[{"embeddable":true,"href":"https:\/\/pogoda-podkarpackie.pl\/index.php\/wp-json\/wp\/v2\/users\/1"}],"replies":[{"embeddable":true,"href":"https:\/\/pogoda-podkarpackie.pl\/index.php\/wp-json\/wp\/v2\/comments?post=108"}],"version-history":[{"count":16,"href":"https:\/\/pogoda-podkarpackie.pl\/index.php\/wp-json\/wp\/v2\/pages\/108\/revisions"}],"predecessor-version":[{"id":1676,"href":"https:\/\/pogoda-podkarpackie.pl\/index.php\/wp-json\/wp\/v2\/pages\/108\/revisions\/1676"}],"wp:attachment":[{"href":"https:\/\/pogoda-podkarpackie.pl\/index.php\/wp-json\/wp\/v2\/media?parent=108"}],"curies":[{"name":"wp","href":"https:\/\/api.w.org\/{rel}","templated":true}]}}