







{"id":100,"date":"2020-11-16T18:55:06","date_gmt":"2020-11-16T17:55:06","guid":{"rendered":"https:\/\/pogoda-podkarpackie.pl\/?page_id=100"},"modified":"2024-07-26T23:42:46","modified_gmt":"2024-07-26T21:42:46","slug":"zrecin","status":"publish","type":"page","link":"https:\/\/pogoda-podkarpackie.pl\/index.php\/zrecin\/","title":{"rendered":"Zr\u0119cin"},"content":{"rendered":"\n<hr class=\"wp-block-separator has-css-opacity is-style-wide\"\/>\n\n\n\n<p class=\"has-text-align-center\"><strong>Aktualne warunki<\/strong> (aktualizacja co 40 sekund)<\/p>\n\n\n\n<p class=\"has-text-align-center has-vivid-red-color has-text-color\">(stacja meteorologiczna: EFWS2900)<\/p>\n\n\n\n<div style=\"height:40px\" aria-hidden=\"true\" class=\"wp-block-spacer\"><\/div>\n\n\n\n<div class=\"wp-block-columns is-layout-flex wp-container-core-columns-is-layout-1 wp-block-columns-is-layout-flex\">\n<div class=\"wp-block-column is-layout-flow wp-block-column-is-layout-flow\" style=\"flex-basis:28%\">\n<iframe loading=\"lazy\" src=\"https:\/\/pogoda-podkarpackie.pl\/grafana\/d-solo\/vJPDIgNnz\/stacja-zrc?orgId=1&amp;refresh=1m&amp;theme=light&amp;panelId=12\" width=\"200\" height=\"200\" frameborder=\"0\"><\/iframe>\n<\/div>\n\n\n\n<div class=\"wp-block-column is-layout-flow wp-block-column-is-layout-flow\" style=\"flex-basis:41%\">\n<iframe loading=\"lazy\" src=\"https:\/\/pogoda-podkarpackie.pl\/grafana\/d-solo\/vJPDIgNnz\/stacja-zrc?orgId=1&amp;refresh=5s&amp;theme=light&amp;panelId=23\" width=\"290\" height=\"290\" frameborder=\"0\"><\/iframe>\n<\/div>\n\n\n\n<div class=\"wp-block-column is-layout-flow wp-block-column-is-layout-flow\" style=\"flex-basis:30%\">\n<iframe loading=\"lazy\" src=\"https:\/\/pogoda-podkarpackie.pl\/grafana\/d-solo\/vJPDIgNnz\/stacja-zrc?orgId=1&amp;theme=light&amp;refresh=1m&amp;panelId=13\" width=\"200\" height=\"200\" frameborder=\"0\"><\/iframe>\n<\/div>\n<\/div>\n\n\n\n<div class=\"wp-block-columns is-layout-flex wp-container-core-columns-is-layout-2 wp-block-columns-is-layout-flex\">\n<div class=\"wp-block-column is-layout-flow wp-block-column-is-layout-flow\">\n<iframe loading=\"lazy\" src=\"https:\/\/pogoda-podkarpackie.pl\/grafana\/d-solo\/vJPDIgNnz\/stacja-zrc?orgId=1&amp;theme=light&amp;refresh=1m&amp;panelId=14\" width=\"215\" height=\"200\" frameborder=\"0\"><\/iframe>\n<\/div>\n\n\n\n<div class=\"wp-block-column is-layout-flow wp-block-column-is-layout-flow\">\n<iframe loading=\"lazy\" src=\"https:\/\/pogoda-podkarpackie.pl\/grafana\/d-solo\/vJPDIgNnz\/stacja-zrc?orgId=1&amp;theme=light&amp;refresh=1m&amp;panelId=10\" width=\"200\" height=\"200\" frameborder=\"0\"><\/iframe>\n<\/div>\n\n\n\n<div class=\"wp-block-column is-layout-flow wp-block-column-is-layout-flow\">\n<iframe loading=\"lazy\" src=\"https:\/\/pogoda-podkarpackie.pl\/grafana\/d-solo\/vJPDIgNnz\/stacja-zrc?orgId=1&amp;theme=light&amp;refresh=1m&amp;panelId=25\" width=\"200\" height=\"200\" frameborder=\"0\"><\/iframe>\n<\/div>\n<\/div>\n\n\n\n<iframe loading=\"lazy\" src=\"https:\/\/pogoda-podkarpackie.pl\/grafana\/d-solo\/vJPDIgNnz\/stacja-zrc?orgId=1&#038;refresh=5s&#038;theme=light&#038;panelId=4\" width=\"660\" height=\"300\" frameborder=\"2\"><\/iframe>\n\n\n\n<iframe loading=\"lazy\" src=\"https:\/\/pogoda-podkarpackie.pl\/grafana\/d-solo\/vJPDIgNnz\/stacja-zrc?orgId=1&#038;refresh=5s&#038;theme=light&#038;panelId=8\" width=\"660\" height=\"300\" frameborder=\"2\"><\/iframe>\n\n\n\n<iframe loading=\"lazy\" src=\"https:\/\/pogoda-podkarpackie.pl\/grafana\/d-solo\/vJPDIgNnz\/stacja-zrc?orgId=1&#038;refresh=5s&#038;theme=light&#038;panelId=2\" width=\"660\" height=\"300\" frameborder=\"2\"><\/iframe>\n\n\n\n<iframe loading=\"lazy\" src=\"https:\/\/pogoda-podkarpackie.pl\/grafana\/d-solo\/vJPDIgNnz\/stacja-zrc?orgId=1&#038;refresh=5s&#038;theme=light&#038;panelId=6\" width=\"660\" height=\"300\" frameborder=\"2\"><\/iframe>\n\n\n\n<iframe loading=\"lazy\" src=\"https:\/\/pogoda-podkarpackie.pl\/grafana\/d-solo\/vJPDIgNnz\/stacja-zrc?orgId=1&#038;refresh=5s&#038;theme=light&#038;panelId=17\" width=\"660\" height=\"300\" frameborder=\"2\"><\/iframe>\n\n\n\n<hr class=\"wp-block-separator has-css-opacity is-style-wide\"\/>\n\n\n\n<p class=\"has-text-align-center\"><strong>Prognoza pogody na najbli\u017csze dni<\/strong><\/p>\n\n\n\n<p class=\"has-text-align-center has-vivid-red-color has-text-color\">(\u017ar\u00f3d\u0142o: windy.com)<\/p>\n\n\n\n<div style=\"height:30px\" aria-hidden=\"true\" class=\"wp-block-spacer\"><\/div>\n\n\n\n<iframe loading=\"lazy\" width=\"650\" height=\"180\" src=\"https:\/\/embed.windy.com\/embed2.html?lat=49.450&amp;lon=21.575&amp;detailLat=49.490&amp;detailLon=21.570&amp;width=650&amp;height=450&amp;zoom=11&amp;level=surface&amp;overlay=wind&amp;product=ecmwf&amp;menu=&amp;message=&amp;marker=&amp;calendar=24&amp;pressure=&amp;type=map&amp;location=coordinates&amp;detail=true&amp;metricWind=km%2Fh&amp;metricTemp=%C2%B0C&amp;radarRange=-1\" frameborder=\"0\"><\/iframe>\n\n\n\n<div style=\"height:40px\" aria-hidden=\"true\" class=\"wp-block-spacer\"><\/div>\n\n\n\n<hr class=\"wp-block-separator has-css-opacity is-style-wide\"\/>\n\n\n\n<p class=\"has-text-align-center\"><strong>Sytuacja smogowa w Zr\u0119cinie<\/strong><\/p>\n\n\n\n<p class=\"has-text-align-center has-vivid-red-color has-text-color\">(\u017ar\u00f3d\u0142o: airly.org)<\/p>\n\n\n\n<div style=\"height:30px\" aria-hidden=\"true\" class=\"wp-block-spacer\"><\/div>\n\n\n\n<!-- Airly Widget Begin -->\n<script src=\"https:\/\/airly.org\/map\/airly.js\" type=\"text\/javascript\"><\/script>\n<iframe id=\"airly_1811556898\" src=\"https:\/\/airly.org\/map\/widget.html#w=280&amp;h=380&amp;m=false&amp;i=true&amp;d=false&amp;ah=true&amp;aw=true&amp;l=pl&amp;us=metric&amp;ut=celsius&amp;lat=49.6613154207&amp;lng=21.6899289675\" style=\"width:100%; height:auto;border:none;\"><\/iframe>\n<!-- Airly Widget End -->\n\n\n\n<hr class=\"wp-block-separator has-css-opacity is-style-wide\"\/>\n\n\n\n<p class=\"has-text-align-center\"><strong>Meteorogram<\/strong><\/p>\n\n\n\n<p class=\"has-text-align-center has-vivid-red-color has-text-color\">(\u017ar\u00f3d\u0142o: new.meteo.pl)<\/p>\n\n\n\n<div style=\"height:25px\" aria-hidden=\"true\" class=\"wp-block-spacer\"><\/div>\n\n\n\n<div class=\"wp-block-columns is-layout-flex wp-container-core-columns-is-layout-3 wp-block-columns-is-layout-flex\">\n<div class=\"wp-block-column is-layout-flow wp-block-column-is-layout-flow\" style=\"flex-basis:5%\"><\/div>\n\n\n\n<div class=\"wp-block-column is-layout-flow wp-block-column-is-layout-flow\" style=\"flex-basis:84%\">\n<img decoding=\"async\" id=\"icm60h-meteogram\" src=\"http:\/\/www.meteo.pl\/um\/metco\/mgram_pict.php?ntype=0u&amp;row=477&amp;col=263&amp;lang=pl\" alt=\"ICM 60h\">\n<\/div>\n\n\n\n<div class=\"wp-block-column is-layout-flow wp-block-column-is-layout-flow\"><\/div>\n<\/div>\n\n\n\n<hr class=\"wp-block-separator has-css-opacity is-style-wide\"\/>\n\n\n\n<p class=\"has-text-align-center\" id=\"block-c2d1fd2b-d91e-45bb-92a9-d63fde3faf31\"><strong>Prawdopodobie\u0144stwo Opad\u00f3w Deszczu<\/strong><\/p>\n\n\n\n<p class=\"has-text-align-center has-vivid-red-color has-text-color\" id=\"block-260cbe8b-3930-4130-a355-2184827b9e4b\">(\u017ar\u00f3d\u0142o: antistorm.eu)<\/p>\n\n\n\n<div style=\"height:20px\" aria-hidden=\"true\" class=\"wp-block-spacer\"><\/div>\n\n\n\n<div class=\"wp-block-columns is-layout-flex wp-container-core-columns-is-layout-4 wp-block-columns-is-layout-flex\">\n<div class=\"wp-block-column is-layout-flow wp-block-column-is-layout-flow\" style=\"flex-basis:12.5%\"><\/div>\n\n\n\n<div class=\"wp-block-column is-layout-flow wp-block-column-is-layout-flow\">\n<div id=\"widgetContainer\" class=\"antistorm-widgetContainer\" style=\"width:400px; height:400px; border:5px #eeeeee solid\">\n<div class=\"antistorm-mainMapContainer\"><div class=\"antistorm-divStack\"><\/div><\/div>\n<div class=\"antistorm-link\"><a href=\"http:\/\/antistorm.eu\" target=\"_blank\" title=\"Zagro\u017cenie burzowe, radary, pogoda i opady deszczu\" rel=\"noopener noreferrer\">burze i radar na antistorm.eu<\/a><\/div>\n<a href=\"http:\/\/antistorm.eu\" target=\"_blank\" rel=\"noopener noreferrer\"><div class=\"antistorm-legend\"><\/div><\/a>\n<\/div>\n<script src=\"https:\/\/antistorm.eu\/api\/widgetV1\/astorm-mapWidgetV1.js\"><\/script>\n<script>\nvar mapWidget = new AstormMapWidgetV1();\nmapWidget.widgetID = \"widgetContainer\";\nmapWidget.modality = \"alert\";\nmapWidget.excluded = [\"estofex\"];\nmapWidget.centerPoint = {lat: 49.68, lng: 21.77};\nmapWidget.zoom = 4;\nmapWidget.init();\n<\/script>\n<\/div>\n\n\n\n<div class=\"wp-block-column is-layout-flow wp-block-column-is-layout-flow\"><\/div>\n<\/div>\n\n\n\n<hr class=\"wp-block-separator has-css-opacity is-style-wide\"\/>\n\n\n\n<p class=\"has-text-align-center\" id=\"block-c2d1fd2b-d91e-45bb-92a9-d63fde3faf31\"><strong>Lokalizacja stacji<\/strong><\/p>\n\n\n\n<div class=\"wp-block-columns is-layout-flex wp-container-core-columns-is-layout-5 wp-block-columns-is-layout-flex\">\n<div class=\"wp-block-column is-layout-flow wp-block-column-is-layout-flow\"><\/div>\n\n\n\n<div class=\"wp-block-column is-layout-flow wp-block-column-is-layout-flow\">\n<iframe loading=\"lazy\" width=\"425\" height=\"350\" frameborder=\"0\" scrolling=\"no\" marginheight=\"0\" marginwidth=\"0\" src=\"https:\/\/www.openstreetmap.org\/export\/embed.html?bbox=20.54855346679688%2C49.26421999734763%2C22.84194946289063%2C50.05713877598692&amp;layer=mapnik&amp;marker=49.66229459701701%2C21.69525146484375\" style=\"border: 1px solid black\"><\/iframe><br><small><a href=\"https:\/\/www.openstreetmap.org\/?mlat=49.6623&amp;mlon=21.6953#map=10\/49.6623\/21.6953\">Wy\u015bwietl wi\u0119ksz\u0105 map\u0119<\/a><\/small>\n<\/div>\n\n\n\n<div class=\"wp-block-column is-layout-flow wp-block-column-is-layout-flow\" style=\"flex-basis:62.7%\"><\/div>\n<\/div>\n","protected":false},"excerpt":{"rendered":"<p>Aktualne warunki (aktualizacja co 40 sekund) (stacja meteorologiczna: EFWS2900) Prognoza pogody na najbli\u017csze dni (\u017ar\u00f3d\u0142o: windy.com) Sytuacja smogowa w Zr\u0119cinie (\u017ar\u00f3d\u0142o: airly.org) Meteorogram (\u017ar\u00f3d\u0142o: new.meteo.pl) Prawdopodobie\u0144stwo Opad\u00f3w Deszczu (\u017ar\u00f3d\u0142o: antistorm.eu)&hellip; <\/p>\n","protected":false},"author":1,"featured_media":0,"parent":0,"menu_order":0,"comment_status":"closed","ping_status":"closed","template":"","meta":{"footnotes":""},"yoast_head":"<!-- This site is optimized with the Yoast SEO plugin v22.9 - https:\/\/yoast.com\/wordpress\/plugins\/seo\/ -->\n<title>Zr\u0119cin- Pogoda Podkarpackie<\/title>\n<meta name=\"description\" content=\"Pogoda na Podkarpaciu, aktualne warunki pogodowe, prognozy pogody, warunki narciarskie, ostrze\u017cenia meteorologiczne, tylko sprawdzone informacje dla regionu Podkarpacia\" \/>\n<meta name=\"robots\" content=\"index, follow, max-snippet:-1, max-image-preview:large, max-video-preview:-1\" \/>\n<link rel=\"canonical\" href=\"https:\/\/pogoda-podkarpackie.pl\/index.php\/zrecin\/\" \/>\n<meta property=\"og:locale\" content=\"pl_PL\" \/>\n<meta property=\"og:type\" content=\"article\" \/>\n<meta property=\"og:title\" content=\"Zr\u0119cin- Pogoda Podkarpackie\" \/>\n<meta property=\"og:description\" content=\"Pogoda na Podkarpaciu, aktualne warunki pogodowe, prognozy pogody, warunki narciarskie, ostrze\u017cenia meteorologiczne, tylko sprawdzone informacje dla regionu Podkarpacia\" \/>\n<meta property=\"og:url\" content=\"https:\/\/pogoda-podkarpackie.pl\/index.php\/zrecin\/\" \/>\n<meta property=\"article:modified_time\" content=\"2024-07-26T21:42:46+00:00\" \/>\n<meta property=\"og:image\" content=\"http:\/\/www.meteo.pl\/um\/metco\/mgram_pict.php?ntype=0u&amp;row=477&amp;col=263&amp;lang=pl\" \/>\n<meta name=\"twitter:card\" content=\"summary_large_image\" \/>\n<meta name=\"twitter:label1\" content=\"Szacowany czas czytania\" \/>\n\t<meta name=\"twitter:data1\" content=\"1 minuta\" \/>\n<script type=\"application\/ld+json\" class=\"yoast-schema-graph\">{\"@context\":\"https:\/\/schema.org\",\"@graph\":[{\"@type\":\"WebPage\",\"@id\":\"https:\/\/pogoda-podkarpackie.pl\/index.php\/zrecin\/\",\"url\":\"https:\/\/pogoda-podkarpackie.pl\/index.php\/zrecin\/\",\"name\":\"Zr\u0119cin- Pogoda Podkarpackie\",\"isPartOf\":{\"@id\":\"https:\/\/pogoda-podkarpackie.pl\/#website\"},\"primaryImageOfPage\":{\"@id\":\"https:\/\/pogoda-podkarpackie.pl\/index.php\/zrecin\/#primaryimage\"},\"image\":{\"@id\":\"https:\/\/pogoda-podkarpackie.pl\/index.php\/zrecin\/#primaryimage\"},\"thumbnailUrl\":\"http:\/\/www.meteo.pl\/um\/metco\/mgram_pict.php?ntype=0u&amp;row=477&amp;col=263&amp;lang=pl\",\"datePublished\":\"2020-11-16T17:55:06+00:00\",\"dateModified\":\"2024-07-26T21:42:46+00:00\",\"description\":\"Pogoda na Podkarpaciu, aktualne warunki pogodowe, prognozy pogody, warunki narciarskie, ostrze\u017cenia meteorologiczne, tylko sprawdzone informacje dla regionu Podkarpacia\",\"breadcrumb\":{\"@id\":\"https:\/\/pogoda-podkarpackie.pl\/index.php\/zrecin\/#breadcrumb\"},\"inLanguage\":\"pl-PL\",\"potentialAction\":[{\"@type\":\"ReadAction\",\"target\":[\"https:\/\/pogoda-podkarpackie.pl\/index.php\/zrecin\/\"]}]},{\"@type\":\"ImageObject\",\"inLanguage\":\"pl-PL\",\"@id\":\"https:\/\/pogoda-podkarpackie.pl\/index.php\/zrecin\/#primaryimage\",\"url\":\"http:\/\/www.meteo.pl\/um\/metco\/mgram_pict.php?ntype=0u&amp;row=477&amp;col=263&amp;lang=pl\",\"contentUrl\":\"http:\/\/www.meteo.pl\/um\/metco\/mgram_pict.php?ntype=0u&amp;row=477&amp;col=263&amp;lang=pl\"},{\"@type\":\"BreadcrumbList\",\"@id\":\"https:\/\/pogoda-podkarpackie.pl\/index.php\/zrecin\/#breadcrumb\",\"itemListElement\":[{\"@type\":\"ListItem\",\"position\":1,\"name\":\"Strona g\u0142\u00f3wna\",\"item\":\"https:\/\/pogoda-podkarpackie.pl\/\"},{\"@type\":\"ListItem\",\"position\":2,\"name\":\"Zr\u0119cin\"}]},{\"@type\":\"WebSite\",\"@id\":\"https:\/\/pogoda-podkarpackie.pl\/#website\",\"url\":\"https:\/\/pogoda-podkarpackie.pl\/\",\"name\":\"\",\"description\":\"\",\"publisher\":{\"@id\":\"https:\/\/pogoda-podkarpackie.pl\/#\/schema\/person\/d00805131cfee9672bb133a1f5f07a8d\"},\"potentialAction\":[{\"@type\":\"SearchAction\",\"target\":{\"@type\":\"EntryPoint\",\"urlTemplate\":\"https:\/\/pogoda-podkarpackie.pl\/?s={search_term_string}\"},\"query-input\":\"required name=search_term_string\"}],\"inLanguage\":\"pl-PL\"},{\"@type\":[\"Person\",\"Organization\"],\"@id\":\"https:\/\/pogoda-podkarpackie.pl\/#\/schema\/person\/d00805131cfee9672bb133a1f5f07a8d\",\"name\":\"pogodapdk\",\"image\":{\"@type\":\"ImageObject\",\"inLanguage\":\"pl-PL\",\"@id\":\"https:\/\/pogoda-podkarpackie.pl\/#\/schema\/person\/image\/\",\"url\":\"https:\/\/secure.gravatar.com\/avatar\/6674b53f68107cc82213f877da11f179?s=96&d=mm&r=g\",\"contentUrl\":\"https:\/\/secure.gravatar.com\/avatar\/6674b53f68107cc82213f877da11f179?s=96&d=mm&r=g\",\"caption\":\"pogodapdk\"},\"logo\":{\"@id\":\"https:\/\/pogoda-podkarpackie.pl\/#\/schema\/person\/image\/\"},\"sameAs\":[\"https:\/\/pogoda-podkarpackie.pl\"]}]}<\/script>\n<!-- \/ Yoast SEO plugin. -->","yoast_head_json":{"title":"Zr\u0119cin- Pogoda Podkarpackie","description":"Pogoda na Podkarpaciu, aktualne warunki pogodowe, prognozy pogody, warunki narciarskie, ostrze\u017cenia meteorologiczne, tylko sprawdzone informacje dla regionu Podkarpacia","robots":{"index":"index","follow":"follow","max-snippet":"max-snippet:-1","max-image-preview":"max-image-preview:large","max-video-preview":"max-video-preview:-1"},"canonical":"https:\/\/pogoda-podkarpackie.pl\/index.php\/zrecin\/","og_locale":"pl_PL","og_type":"article","og_title":"Zr\u0119cin- Pogoda Podkarpackie","og_description":"Pogoda na Podkarpaciu, aktualne warunki pogodowe, prognozy pogody, warunki narciarskie, ostrze\u017cenia meteorologiczne, tylko sprawdzone informacje dla regionu Podkarpacia","og_url":"https:\/\/pogoda-podkarpackie.pl\/index.php\/zrecin\/","article_modified_time":"2024-07-26T21:42:46+00:00","og_image":[{"url":"http:\/\/www.meteo.pl\/um\/metco\/mgram_pict.php?ntype=0u&amp;row=477&amp;col=263&amp;lang=pl"}],"twitter_card":"summary_large_image","twitter_misc":{"Szacowany czas czytania":"1 minuta"},"schema":{"@context":"https:\/\/schema.org","@graph":[{"@type":"WebPage","@id":"https:\/\/pogoda-podkarpackie.pl\/index.php\/zrecin\/","url":"https:\/\/pogoda-podkarpackie.pl\/index.php\/zrecin\/","name":"Zr\u0119cin- Pogoda Podkarpackie","isPartOf":{"@id":"https:\/\/pogoda-podkarpackie.pl\/#website"},"primaryImageOfPage":{"@id":"https:\/\/pogoda-podkarpackie.pl\/index.php\/zrecin\/#primaryimage"},"image":{"@id":"https:\/\/pogoda-podkarpackie.pl\/index.php\/zrecin\/#primaryimage"},"thumbnailUrl":"http:\/\/www.meteo.pl\/um\/metco\/mgram_pict.php?ntype=0u&amp;row=477&amp;col=263&amp;lang=pl","datePublished":"2020-11-16T17:55:06+00:00","dateModified":"2024-07-26T21:42:46+00:00","description":"Pogoda na Podkarpaciu, aktualne warunki pogodowe, prognozy pogody, warunki narciarskie, ostrze\u017cenia meteorologiczne, tylko sprawdzone informacje dla regionu Podkarpacia","breadcrumb":{"@id":"https:\/\/pogoda-podkarpackie.pl\/index.php\/zrecin\/#breadcrumb"},"inLanguage":"pl-PL","potentialAction":[{"@type":"ReadAction","target":["https:\/\/pogoda-podkarpackie.pl\/index.php\/zrecin\/"]}]},{"@type":"ImageObject","inLanguage":"pl-PL","@id":"https:\/\/pogoda-podkarpackie.pl\/index.php\/zrecin\/#primaryimage","url":"http:\/\/www.meteo.pl\/um\/metco\/mgram_pict.php?ntype=0u&amp;row=477&amp;col=263&amp;lang=pl","contentUrl":"http:\/\/www.meteo.pl\/um\/metco\/mgram_pict.php?ntype=0u&amp;row=477&amp;col=263&amp;lang=pl"},{"@type":"BreadcrumbList","@id":"https:\/\/pogoda-podkarpackie.pl\/index.php\/zrecin\/#breadcrumb","itemListElement":[{"@type":"ListItem","position":1,"name":"Strona g\u0142\u00f3wna","item":"https:\/\/pogoda-podkarpackie.pl\/"},{"@type":"ListItem","position":2,"name":"Zr\u0119cin"}]},{"@type":"WebSite","@id":"https:\/\/pogoda-podkarpackie.pl\/#website","url":"https:\/\/pogoda-podkarpackie.pl\/","name":"","description":"","publisher":{"@id":"https:\/\/pogoda-podkarpackie.pl\/#\/schema\/person\/d00805131cfee9672bb133a1f5f07a8d"},"potentialAction":[{"@type":"SearchAction","target":{"@type":"EntryPoint","urlTemplate":"https:\/\/pogoda-podkarpackie.pl\/?s={search_term_string}"},"query-input":"required name=search_term_string"}],"inLanguage":"pl-PL"},{"@type":["Person","Organization"],"@id":"https:\/\/pogoda-podkarpackie.pl\/#\/schema\/person\/d00805131cfee9672bb133a1f5f07a8d","name":"pogodapdk","image":{"@type":"ImageObject","inLanguage":"pl-PL","@id":"https:\/\/pogoda-podkarpackie.pl\/#\/schema\/person\/image\/","url":"https:\/\/secure.gravatar.com\/avatar\/6674b53f68107cc82213f877da11f179?s=96&d=mm&r=g","contentUrl":"https:\/\/secure.gravatar.com\/avatar\/6674b53f68107cc82213f877da11f179?s=96&d=mm&r=g","caption":"pogodapdk"},"logo":{"@id":"https:\/\/pogoda-podkarpackie.pl\/#\/schema\/person\/image\/"},"sameAs":["https:\/\/pogoda-podkarpackie.pl"]}]}},"_links":{"self":[{"href":"https:\/\/pogoda-podkarpackie.pl\/index.php\/wp-json\/wp\/v2\/pages\/100"}],"collection":[{"href":"https:\/\/pogoda-podkarpackie.pl\/index.php\/wp-json\/wp\/v2\/pages"}],"about":[{"href":"https:\/\/pogoda-podkarpackie.pl\/index.php\/wp-json\/wp\/v2\/types\/page"}],"author":[{"embeddable":true,"href":"https:\/\/pogoda-podkarpackie.pl\/index.php\/wp-json\/wp\/v2\/users\/1"}],"replies":[{"embeddable":true,"href":"https:\/\/pogoda-podkarpackie.pl\/index.php\/wp-json\/wp\/v2\/comments?post=100"}],"version-history":[{"count":193,"href":"https:\/\/pogoda-podkarpackie.pl\/index.php\/wp-json\/wp\/v2\/pages\/100\/revisions"}],"predecessor-version":[{"id":1804,"href":"https:\/\/pogoda-podkarpackie.pl\/index.php\/wp-json\/wp\/v2\/pages\/100\/revisions\/1804"}],"wp:attachment":[{"href":"https:\/\/pogoda-podkarpackie.pl\/index.php\/wp-json\/wp\/v2\/media?parent=100"}],"curies":[{"name":"wp","href":"https:\/\/api.w.org\/{rel}","templated":true}]}}